{"id":876,"date":"2020-08-10T16:01:26","date_gmt":"2020-08-10T13:01:26","guid":{"rendered":"https:\/\/muratsan.com.tr\/TR\/?page_id=876"},"modified":"2020-08-10T16:01:26","modified_gmt":"2020-08-10T13:01:26","slug":"hurda-damperi-semi-treyler-dorse","status":"publish","type":"page","link":"https:\/\/muratsan.com.tr\/TR\/?page_id=876","title":{"rendered":"Hurda Damperi Semi Treyler &#038; Dorse"},"content":{"rendered":"<p>[vc_row][vc_column][apress_photo_gallery images=&#8221;877,878,879,880,881,882,883,884,885,886&#8243; image_gutter=&#8221;10&#8243; use_lightbox=&#8221;yes&#8221;][\/vc_column][\/vc_row][vc_row][vc_column][vc_column_text]<strong><u>\u00dcR\u00dcN B\u0130LG\u0130LER\u0130<\/u><\/strong><\/p>\n<table width=\"707\">\n<tbody>\n<tr>\n<td width=\"158\"><strong>\u00dcR\u00dcN KODU<\/strong><\/td>\n<td width=\"549\"><strong>\u00dcR\u00dcN ADI<\/strong><\/td>\n<\/tr>\n<tr>\n<td width=\"158\"><strong>STMT1 Tipper 1 \u2013 U \u00a0\/ Havuz<\/strong><\/td>\n<td width=\"549\">U tip Damper Semi Treyler &amp; Dorse<\/p>\n<p>\u00b7<\/td>\n<\/tr>\n<tr>\n<td width=\"158\"><strong>STMT2 Tipper 2 \u2013 Hurda<\/strong><\/td>\n<td width=\"549\">Hurda Damperi Semi Treyler &amp; Dorse<\/p>\n<p>&nbsp;<\/td>\n<\/tr>\n<tr>\n<td width=\"158\"><strong>STMT3 Tipper 3 \u2013 Kaya <\/strong><\/td>\n<td width=\"549\">Kaya Tipi Damper Semi Treyler &amp; Dorse<\/p>\n<p>&nbsp;<\/td>\n<\/tr>\n<tr>\n<td width=\"158\"><strong>STMT4 Tipper 4 \u2013 Kapakl\u0131 \u00a0<\/strong><\/td>\n<td width=\"549\">Kapakl\u0131 Damper Semi Treyler &amp; Dorse<\/p>\n<p>&nbsp;<\/td>\n<\/tr>\n<tr>\n<td width=\"158\"><strong>STMT4 Tipper 5 \u2013 YANA DAMPER<\/strong><\/td>\n<td width=\"549\">Yana Devirmeli Damper Semi Treyler &amp; Dorse<\/p>\n<p>&nbsp;<\/td>\n<\/tr>\n<\/tbody>\n<\/table>\n<p>&nbsp;<\/p>\n<p><strong><u>TEKN\u0130K \u00d6L\u00c7\u00dc B\u0130LG\u0130LER\u0130<\/u><\/strong><\/p>\n<table>\n<tbody>\n<tr>\n<td width=\"98\"><\/td>\n<td width=\"126\"><strong>STMT1 Tipper 1 <\/strong><\/p>\n<p><strong>U \/ Havuzlu<\/strong><\/td>\n<td width=\"125\"><strong>STMT2 Tipper <\/strong><\/p>\n<p><strong>Havuz<\/strong><\/td>\n<td width=\"118\"><strong>STMT3 Tipper <\/strong><\/p>\n<p><strong>Kaya<\/strong><\/td>\n<td width=\"125\"><strong>STMT4 Tipper <\/strong><\/p>\n<p><strong>Kapakl\u0131<\/strong><\/td>\n<td width=\"119\"><strong>STMT4 Tipper 5 <\/strong><\/p>\n<p><strong>YANA DAMPER<\/strong><\/td>\n<\/tr>\n<tr>\n<td width=\"98\"><strong>Toplam Uzunluk<\/strong><\/td>\n<td width=\"126\">8600 mm<\/td>\n<td width=\"125\">8600 mm<\/td>\n<td width=\"118\">8600 mm<\/td>\n<td width=\"125\">8600 mm<\/td>\n<td width=\"119\"><\/td>\n<\/tr>\n<tr>\n<td width=\"98\"><strong>Toplam Geni\u015flik<\/strong><\/td>\n<td width=\"126\">2550 en fazla<\/td>\n<td width=\"125\">2550 en fazla<\/td>\n<td width=\"118\">2550 en fazla<\/td>\n<td width=\"125\">2550 en fazla<\/td>\n<td width=\"119\"><\/td>\n<\/tr>\n<tr>\n<td width=\"98\"><strong>\u0130\u00e7 Net Geni\u015flik<\/strong><\/td>\n<td width=\"126\">2400 mm \u00b1 20 mm<\/td>\n<td width=\"125\">2400 mm \u00b1 20 mm<\/td>\n<td width=\"118\">2360 mm \u00b1 20 mm<\/td>\n<td width=\"125\">2460 mm \u00b1 20 mm<\/td>\n<td width=\"119\"><\/td>\n<\/tr>\n<tr>\n<td width=\"98\"><strong>Y\u00fckseklik<\/strong><\/td>\n<td width=\"126\">4000 mm en fazla<\/td>\n<td width=\"125\">4000 mm en fazla<\/td>\n<td width=\"118\">4000 mm en fazla<\/td>\n<td width=\"125\">4000 mm en fazla<\/td>\n<td width=\"119\"><\/td>\n<\/tr>\n<tr>\n<td width=\"98\"><strong>\u0130\u00e7 Net Y\u00fckseklik<\/strong><\/td>\n<td width=\"126\">1600 \u00b1 200 mm<\/td>\n<td width=\"125\">2000 \u00b1 200 mm<\/td>\n<td width=\"118\">1600 \u00b1 200 mm<\/td>\n<td width=\"125\">2000 \u00b1 200 mm<\/td>\n<td width=\"119\"><\/td>\n<\/tr>\n<tr>\n<td width=\"98\"><strong>Hacim<\/strong><\/td>\n<td width=\"126\">24 m^3<\/td>\n<td width=\"125\">28 m^3<\/td>\n<td width=\"118\">24 m^3<\/td>\n<td width=\"125\">28 m^3<\/td>\n<td width=\"119\"><\/td>\n<\/tr>\n<tr>\n<td width=\"98\"><strong>Kapasite<\/strong><\/td>\n<td width=\"126\">36000 KG<\/td>\n<td width=\"125\">36000 KG<\/td>\n<td width=\"118\">36000 KG<\/td>\n<td width=\"125\">36000 KG<\/td>\n<td width=\"119\"><\/td>\n<\/tr>\n<tr>\n<td width=\"98\"><strong>A\u011f\u0131rl\u0131k<\/strong><\/td>\n<td width=\"126\">6800 KG<\/td>\n<td width=\"125\">7700 KG<\/td>\n<td width=\"118\">7500 KG<\/td>\n<td width=\"125\">7000 KG<\/td>\n<td width=\"119\"><\/td>\n<\/tr>\n<tr>\n<td width=\"98\"><strong>Toplam Aks Y\u00fck\u00fc<\/strong><\/td>\n<td width=\"126\">27000 KG<\/td>\n<td width=\"125\">27000 KG<\/td>\n<td width=\"118\">27000 KG<\/td>\n<td width=\"125\">27000 KG<\/td>\n<td width=\"119\"><\/td>\n<\/tr>\n<tr>\n<td width=\"98\"><strong>5. Teker Y\u00fck\u00fc<\/strong><\/td>\n<td width=\"126\">11000 KG<\/td>\n<td width=\"125\">11000 KG<\/td>\n<td width=\"118\">11000 KG<\/td>\n<td width=\"125\">11000 KG<\/td>\n<td width=\"119\"><\/td>\n<\/tr>\n<tr>\n<td width=\"98\"><strong>5. Teker Y\u00fcksekli\u011fi<\/strong><\/td>\n<td width=\"126\">1250 \u00b1 150 mm<\/td>\n<td width=\"125\">1250 \u00b1 150 mm<\/td>\n<td width=\"118\">1250 \u00b1 150 mm<\/td>\n<td width=\"125\">1250 \u00b1 150 mm<\/td>\n<td width=\"119\"><\/td>\n<\/tr>\n<tr>\n<td width=\"98\"><strong>Payload<\/strong><\/td>\n<td width=\"126\">29200 KG<\/td>\n<td width=\"125\">28300 KG<\/td>\n<td width=\"118\">28500 KG<\/td>\n<td width=\"125\">29000 KG<\/td>\n<td width=\"119\"><\/td>\n<\/tr>\n<tr>\n<td width=\"98\"><strong>Deveboynu Y\u00fcksekli\u011fi<\/strong><\/td>\n<td width=\"126\">100 mm<\/td>\n<td width=\"125\">100 mm<\/td>\n<td width=\"118\">100 mm<\/td>\n<td width=\"125\">100 mm<\/td>\n<td width=\"119\"><\/td>\n<\/tr>\n<\/tbody>\n<\/table>\n<p><u>\u00a0<\/u><\/p>\n<p><strong><u>TEKN\u0130K B\u0130LG\u0130LER<\/u><\/strong><\/p>\n<table>\n<tbody>\n<tr>\n<td width=\"168\"><strong>\u015easi<\/strong><\/td>\n<td colspan=\"2\" width=\"539\">I kesitli A1 kalite \u00e7elik \u015fasi ve ara \u015fasi ba\u011flant\u0131 elemanlar\u0131 gazalt\u0131 ve\/veya otomatik kaynak makinalar\u0131 ile y\u00fcksek voltajda kaynat\u0131lm\u0131\u015f<\/p>\n<p>S700mc ithal veya s355jr yerli sacdan \u0131 kesit g\u00fc\u00e7lendirilmi\u015f \u015fasi<\/td>\n<\/tr>\n<tr>\n<td width=\"168\"><strong>\u00dcst Yap\u0131 Damper Kutusu<\/strong><\/td>\n<td colspan=\"2\" width=\"539\">400-450 Brinell sertli\u011fine sahip a\u015f\u0131nma sac\u0131.<\/p>\n<p>T\u00fcm saclar minimum S355JR kalite Erdemir \u00e7elik.<\/td>\n<\/tr>\n<tr>\n<td width=\"168\"><strong>Hidrolik Elemanlar<\/strong><\/td>\n<td colspan=\"2\" width=\"539\">\u00d6zel tasar\u0131m s\u0131zd\u0131rmaz, filtreli ya\u011f tank\u0131.<\/p>\n<p>35-90 dakika\/litre, \u00e7ift d\u00f6n\u00fc\u015fl\u00fc di\u015fli pompa<\/p>\n<p>280 bar \u00e7al\u0131\u015fma bas\u0131nc\u0131na dayan\u0131kl\u0131 R2 \u00e7elik hortumlar<\/p>\n<p>\u00d6nden teleskobik, minimum 45\u00b0 kald\u0131rma a\u00e7\u0131s\u0131 ve bu a\u00e7\u0131daki g\u00fcce dayan\u0131kl\u0131 so\u011fuk \u00e7ekim borudan y\u00fcksek mukavemetli \u00e7elik silindir.<\/td>\n<\/tr>\n<tr>\n<td width=\"168\"><strong>Tampon<\/strong><\/td>\n<td colspan=\"2\" width=\"539\">ECE R58 t\u00fcz\u00fc\u011f\u00fcne uygun sabit tampon<\/p>\n<p>Asfalt ta\u015f\u0131y\u0131c\u0131lar (finischer) i\u00e7in katlan\u0131r tip \u00f6zel tasar\u0131m tampon.<\/td>\n<\/tr>\n<tr>\n<td width=\"168\"><strong>Kapak<\/strong><\/td>\n<td colspan=\"2\" width=\"539\">500 mm \/\/ 700 mm g\u00f6r\u00fcnt\u00fc (g\u00f6r\u00fcnt\u00fc) ge\u00e7me al\u00fcminyum ve \u00f6zel formlu veya \u00e7elik sac kapak<\/td>\n<\/tr>\n<tr>\n<td width=\"168\"><strong>S\u00fcspansiyon Sistemi<\/strong><\/td>\n<td colspan=\"2\" width=\"539\">Pn\u00f6matik veya mekanik s\u00fcspansiyon sistemi<\/td>\n<\/tr>\n<tr>\n<td width=\"168\"><strong>Dingil<\/strong><\/td>\n<td colspan=\"2\" width=\"539\">Her Bir Aks 12000 Kg Ta\u015f\u0131ma Kapasiteli yerli marka veya Avrupa ithal marka aks. ECE R 13 Avrupa normlar\u0131nda<\/p>\n<p>1. aks Pn\u00f6matik kald\u0131rma sistemli<\/td>\n<\/tr>\n<tr>\n<td width=\"168\"><strong>King-pin\u00a0\u00a0\u00a0\u00a0\u00a0\u00a0\u00a0\u00a0\u00a0\u00a0\u00a0\u00a0\u00a0\u00a0\u00a0\u00a0\u00a0 \u00a0\u00a0\u00a0\u00a0\u00a0\u00a0\u00a0\u00a0\u00a0\u00a0\u00a0\u00a0\u00a0\u00a0\u00a0\u00a0\u00a0\u00a0\u00a0\u00a0\u00a0\u00a0\u00a0\u00a0\u00a0\u00a0\u00a0\u00a0\u00a0\u00a0\u00a0\u00a0\u00a0\u00a0\u00a0\u00a0\u00a0\u00a0\u00a0\u00a0\u00a0\u00a0\u00a0\u00a0\u00a0\u00a0\u00a0\u00a0\u00a0\u00a0\u00a0\u00a0\u00a0\u00a0\u00a0\u00a0\u00a0 <\/strong><\/td>\n<td colspan=\"2\" width=\"539\">ECE R55 ve\/veya 94\/20\/EC t\u00fcz\u00fc\u011f\u00fcne uygun 2&#8243; ve\/veya 3,5\u201d c\u0131vata ile s\u00f6k\u00fclebilen fla\u015fl\u0131 king-pin y\u00fcksek d\u00fczeyde gerilme kuvvetlerine dayan\u0131kl\u0131 d\u00f6vme \u00e7elikten imal<\/td>\n<\/tr>\n<tr>\n<td width=\"168\"><strong>Denge Ayaklar\u0131<\/strong><\/td>\n<td colspan=\"2\" width=\"539\">ISO 1726 Normlar\u0131na uygun, 24 ton kapasiteli mekanik ayak<\/td>\n<\/tr>\n<tr>\n<td width=\"168\"><strong>Fren<\/strong><\/td>\n<td colspan=\"2\" width=\"539\">ABS veya EBS fren sistemi 2 hatl\u0131 ve EC R13 ve\/veya 71\/320 EEC Avrupa normlar\u0131nda<\/p>\n<p>Elektronik anti blokaj (durdurma) sistemli WABCO ya da KNORR EBS ve RSS sistemi. Acil stop ve rampa valfi.<\/td>\n<\/tr>\n<tr>\n<td width=\"168\"><strong>Lastik &amp; Jant<\/strong><\/td>\n<td colspan=\"2\" width=\"539\">6 adet teker 385\/65 R22,5 ya da ta\u015f\u0131ma kapasitesine uygun y\u00fck indeksli Avrupa EC onayl\u0131<\/td>\n<\/tr>\n<tr>\n<td width=\"168\"><strong>KONTEYNER KUTUSU<\/strong><\/p>\n<p>Konteyn\u0131r ta\u015f\u0131y\u0131c\u0131 ara\u00e7lar i\u00e7in*<\/td>\n<td colspan=\"2\" width=\"539\">20\u201d konteyn\u0131r 2 adet &#8211; 30\u201d konteyn\u0131r 1 adet &#8211; 40\u201d konteyn\u0131r 1 adet\u00a0 &#8211; 45\u201d konteyn\u0131r 1 adet<\/p>\n<p>*Konteyn\u0131r ta\u015f\u0131y\u0131c\u0131lar k\u0131l\u00e7\u0131k tip, platform ve deveboyunlu \u015fekilde de\u011fi\u015fik tasar\u0131mlar da \u00fcretilebilmektedir.<\/td>\n<\/tr>\n<tr>\n<td width=\"168\"><strong>Elektrik &amp; Ayd\u0131nlatma Sistemi<\/strong><\/td>\n<td colspan=\"2\" width=\"539\">EEC 76\/756 Avrupa standartlar\u0131nda. 24v 2 x 7 soket<\/p>\n<p>R48 ( ECE )\u00a0 Avrupa normlar\u0131nda e onayl\u0131<\/td>\n<\/tr>\n<tr>\n<td width=\"168\"><strong>Boya<\/strong><\/td>\n<td colspan=\"2\" width=\"539\">B\u00fct\u00fcn y\u00fczeyler ve par\u00e7alar \u00f6zel kimyasal kar\u0131\u015f\u0131m ile temizlenir. 2 kat epoksi astar \u00fczerine istenilen renkte 2 kat profesyonel boya yap\u0131l\u0131r.<\/td>\n<\/tr>\n<tr>\n<td width=\"168\"><strong>Standard Aksesuar<\/strong><\/td>\n<td width=\"161\">\u00b7\u00a0\u00a0\u00a0\u00a0\u00a0\u00a0\u00a0\u00a0\u00a0 Manometre<\/p>\n<p>\u00b7\u00a0\u00a0\u00a0\u00a0\u00a0\u00a0\u00a0\u00a0\u00a0 Ro-Ro Halkas\u0131<\/p>\n<p>\u00b7\u00a0\u00a0\u00a0\u00a0\u00a0\u00a0\u00a0\u00a0\u00a0 Bisikletlik<\/p>\n<p>\u00b7\u00a0\u00a0\u00a0\u00a0\u00a0\u00a0\u00a0\u00a0\u00a0 Tak\u0131m Dolab\u0131<\/p>\n<p>&nbsp;<\/td>\n<td width=\"379\">\u00b7\u00a0\u00a0\u00a0\u00a0\u00a0\u00a0\u00a0\u00a0\u00a0 Su Tank\u0131<\/p>\n<p>\u00b7\u00a0\u00a0\u00a0\u00a0\u00a0\u00a0\u00a0\u00a0\u00a0 Yedek Lastik Yeri<\/p>\n<p>\u00b7\u00a0\u00a0\u00a0\u00a0\u00a0\u00a0\u00a0\u00a0\u00a0 Yang\u0131n S\u00f6nd\u00fcr\u00fcc\u00fc<\/p>\n<p>\u00b7\u00a0\u00a0\u00a0\u00a0\u00a0\u00a0\u00a0\u00a0\u00a0 Takoz<\/p>\n<p>&nbsp;<\/p>\n<p>&nbsp;<\/td>\n<\/tr>\n<\/tbody>\n<\/table>\n<p>&nbsp;<\/p>\n<p><strong>\u00a0<\/strong><\/p>\n<p><strong>\u00a0<\/strong>[\/vc_column_text][\/vc_column][\/vc_row]<\/p>\n","protected":false},"excerpt":{"rendered":"<p>[vc_row][vc_column][apress_photo_gallery images=&#8221;877,878,879,880,881,882,883,884,885,886&#8243; image_gutter=&#8221;10&#8243; use_lightbox=&#8221;yes&#8221;][\/vc_column][\/vc_row][vc_row][vc_column][vc_column_text]\u00dcR\u00dcN B\u0130LG\u0130LER\u0130 \u00dcR\u00dcN KODU \u00dcR\u00dcN ADI STMT1 Tipper 1 \u2013 U \u00a0\/ Havuz U tip Damper Semi Treyler &amp; Dorse \u00b7 STMT2 Tipper 2 \u2013 Hurda Hurda Damperi Semi Treyler &amp; Dorse &nbsp; STMT3 Tipper 3 \u2013&hellip;<\/p>\n","protected":false},"author":1,"featured_media":0,"parent":609,"menu_order":0,"comment_status":"closed","ping_status":"closed","template":"","meta":{"_joinchat":[],"footnotes":""},"class_list":["post-876","page","type-page","status-publish","hentry"],"_links":{"self":[{"href":"https:\/\/muratsan.com.tr\/TR\/index.php?rest_route=\/wp\/v2\/pages\/876","targetHints":{"allow":["GET"]}}],"collection":[{"href":"https:\/\/muratsan.com.tr\/TR\/index.php?rest_route=\/wp\/v2\/pages"}],"about":[{"href":"https:\/\/muratsan.com.tr\/TR\/index.php?rest_route=\/wp\/v2\/types\/page"}],"author":[{"embeddable":true,"href":"https:\/\/muratsan.com.tr\/TR\/index.php?rest_route=\/wp\/v2\/users\/1"}],"replies":[{"embeddable":true,"href":"https:\/\/muratsan.com.tr\/TR\/index.php?rest_route=%2Fwp%2Fv2%2Fcomments&post=876"}],"version-history":[{"count":1,"href":"https:\/\/muratsan.com.tr\/TR\/index.php?rest_route=\/wp\/v2\/pages\/876\/revisions"}],"predecessor-version":[{"id":887,"href":"https:\/\/muratsan.com.tr\/TR\/index.php?rest_route=\/wp\/v2\/pages\/876\/revisions\/887"}],"up":[{"embeddable":true,"href":"https:\/\/muratsan.com.tr\/TR\/index.php?rest_route=\/wp\/v2\/pages\/609"}],"wp:attachment":[{"href":"https:\/\/muratsan.com.tr\/TR\/index.php?rest_route=%2Fwp%2Fv2%2Fmedia&parent=876"}],"curies":[{"name":"wp","href":"https:\/\/api.w.org\/{rel}","templated":true}]}}